{"id":105,"date":"2021-03-09T02:16:25","date_gmt":"2021-03-09T01:16:25","guid":{"rendered":"http:\/\/ecdevstudio\/winatlab.loc\/?page_id=105"},"modified":"2021-06-14T17:22:49","modified_gmt":"2021-06-14T15:22:49","slug":"confidentialite","status":"publish","type":"page","link":"http:\/\/winatlab.tournaire.fr\/new-release\/confidentialite\/","title":{"rendered":"Les engagements de bonnes pratiques des acteurs de WiNatLab"},"content":{"rendered":"\n<p><ul><li>Un engagement de performance et d\u2019implication de chacun des partenaires pour assurer aux clients, selon un calendrier encadr\u00e9, une acc\u00e9l\u00e9ration de leur innovation par WiNatLab <\/li><\/ul><\/p>\n\n\n\n<ul><li>Un suivi au travers d\u2019un interlocuteur unique, chef de projet r\u00e9actif <\/li><\/ul>\n\n\n\n<ul><li>Un engagement de reporting et la transparence du suivi des projets mis en \u0153uvre dans le cadre de la plateforme<\/li><\/ul>\n\n\n\n<ul><li>Le respect strict de la confidentialit\u00e9 des informations et du savoir-faire relatifs aux technologies de l\u2019ensemble des acteurs de WiNatLab<\/li><\/ul>\n\n\n\n<ul><li>L\u2019engagement que tout projet qualifi\u00e9 au travers de la plateforme demeure dans WiNatLab <\/li><\/ul>\n\n\n\n<ul><li>Une d\u00e9marche coordonn\u00e9e de valorisation et de protection des \u00e9l\u00e9ments d\u00e9velopp\u00e9s en commun dans le cadre des projets WiNatLab <\/li><\/ul>\n\n\n\n<ul><li>La garantie, par chacun des participants \u00e0 WiNatLab\u00ae, de produits de qualit\u00e9 conformes aux r\u00e8gles de l\u2019art et aux contraintes r\u00e8glementaires <\/li><\/ul>\n\n\n\n<ul><li>La recherche constante de nouveaux acteurs pouvant contribuer \u00e0 enrichir WiNatLab <\/li><\/ul>\n\n\n\n<ul><li>La participation active \u00e0 une communication commune pour faire conna\u00eetre les projets collaboratifs men\u00e9s sur la plateforme <\/li><\/ul>\n\n\n\n<p><\/p>\n","protected":false},"excerpt":{"rendered":"<p>Un engagement de performance et d\u2019implication de chacun des partenaires pour assurer aux clients, selon un calendrier encadr\u00e9, une acc\u00e9l\u00e9ration de leur innovation par WiNatLab Un suivi au travers d\u2019un interlocuteur unique, chef de projet r\u00e9actif Un engagement de reporting et la transparence du suivi des projets mis en \u0153uvre dans le cadre de la [&hellip;]<\/p>\n","protected":false},"author":1,"featured_media":0,"parent":0,"menu_order":8,"comment_status":"closed","ping_status":"closed","template":"","meta":{"footnotes":""},"class_list":["post-105","page","type-page","status-publish","hentry"],"yoast_head":"<!-- This site is optimized with the Yoast SEO plugin v16.0.2 - https:\/\/yoast.com\/wordpress\/plugins\/seo\/ -->\n<title>Les engagements de bonnes pratiques des acteurs de WiNatLab - WinatLab<\/title>\n<link rel=\"canonical\" href=\"http:\/\/winatlab.tournaire.fr\/new-release\/confidentialite\/\" \/>\n<meta property=\"og:locale\" content=\"fr_FR\" \/>\n<meta property=\"og:type\" content=\"article\" \/>\n<meta property=\"og:title\" content=\"Les engagements de bonnes pratiques des acteurs de WiNatLab\" \/>\n<meta property=\"og:description\" content=\"Un engagement de performance et d\u2019implication de chacun des partenaires pour assurer aux clients, selon un calendrier encadr\u00e9, une acc\u00e9l\u00e9ration de leur innovation par WiNatLab Un suivi au travers d\u2019un interlocuteur unique, chef de projet r\u00e9actif Un engagement de reporting et la transparence du suivi des projets mis en \u0153uvre dans le cadre de la [&hellip;]\" \/>\n<meta property=\"og:url\" content=\"http:\/\/winatlab.tournaire.fr\/new-release\/confidentialite\/\" \/>\n<meta property=\"og:site_name\" content=\"WinatLab\" \/>\n<meta property=\"article:modified_time\" content=\"2021-06-14T15:22:49+00:00\" \/>\n<meta name=\"twitter:card\" content=\"summary_large_image\" \/>\n<meta name=\"twitter:label1\" content=\"Dur\u00e9e de lecture est.\">\n\t<meta name=\"twitter:data1\" content=\"1 minute\">\n<script type=\"application\/ld+json\" class=\"yoast-schema-graph\">{\"@context\":\"https:\/\/schema.org\",\"@graph\":[{\"@type\":\"WebSite\",\"@id\":\"http:\/\/winatlab.tournaire.fr\/new-release\/#website\",\"url\":\"http:\/\/winatlab.tournaire.fr\/new-release\/\",\"name\":\"WinatLab\",\"description\":\"Un site utilisant WordPress\",\"potentialAction\":[{\"@type\":\"SearchAction\",\"target\":\"http:\/\/winatlab.tournaire.fr\/new-release\/?s={search_term_string}\",\"query-input\":\"required name=search_term_string\"}],\"inLanguage\":\"fr-FR\"},{\"@type\":\"WebPage\",\"@id\":\"http:\/\/winatlab.tournaire.fr\/new-release\/confidentialite\/#webpage\",\"url\":\"http:\/\/winatlab.tournaire.fr\/new-release\/confidentialite\/\",\"name\":\"[:fr]Les engagements de bonnes pratiques des acteurs de WiNatLab[:en]WiNatLab actors&#039; best practice commitments[:] - WinatLab\",\"isPartOf\":{\"@id\":\"http:\/\/winatlab.tournaire.fr\/new-release\/#website\"},\"datePublished\":\"2021-03-09T01:16:25+00:00\",\"dateModified\":\"2021-06-14T15:22:49+00:00\",\"breadcrumb\":{\"@id\":\"http:\/\/winatlab.tournaire.fr\/new-release\/confidentialite\/#breadcrumb\"},\"inLanguage\":\"fr-FR\",\"potentialAction\":[{\"@type\":\"ReadAction\",\"target\":[\"http:\/\/winatlab.tournaire.fr\/new-release\/confidentialite\/\"]}]},{\"@type\":\"BreadcrumbList\",\"@id\":\"http:\/\/winatlab.tournaire.fr\/new-release\/confidentialite\/#breadcrumb\",\"itemListElement\":[{\"@type\":\"ListItem\",\"position\":1,\"item\":{\"@type\":\"WebPage\",\"@id\":\"http:\/\/winatlab.tournaire.fr\/new-release\/\",\"url\":\"http:\/\/winatlab.tournaire.fr\/new-release\/\",\"name\":\"Accueil\"}},{\"@type\":\"ListItem\",\"position\":2,\"item\":{\"@type\":\"WebPage\",\"@id\":\"http:\/\/winatlab.tournaire.fr\/new-release\/confidentialite\/\",\"url\":\"http:\/\/winatlab.tournaire.fr\/new-release\/confidentialite\/\",\"name\":\"Les engagements de bonnes pratiques des acteurs de WiNatLab\"}}]}]}<\/script>\n<!-- \/ Yoast SEO plugin. -->","_links":{"self":[{"href":"http:\/\/winatlab.tournaire.fr\/new-release\/wp-json\/wp\/v2\/pages\/105","targetHints":{"allow":["GET"]}}],"collection":[{"href":"http:\/\/winatlab.tournaire.fr\/new-release\/wp-json\/wp\/v2\/pages"}],"about":[{"href":"http:\/\/winatlab.tournaire.fr\/new-release\/wp-json\/wp\/v2\/types\/page"}],"author":[{"embeddable":true,"href":"http:\/\/winatlab.tournaire.fr\/new-release\/wp-json\/wp\/v2\/users\/1"}],"replies":[{"embeddable":true,"href":"http:\/\/winatlab.tournaire.fr\/new-release\/wp-json\/wp\/v2\/comments?post=105"}],"version-history":[{"count":13,"href":"http:\/\/winatlab.tournaire.fr\/new-release\/wp-json\/wp\/v2\/pages\/105\/revisions"}],"predecessor-version":[{"id":1203,"href":"http:\/\/winatlab.tournaire.fr\/new-release\/wp-json\/wp\/v2\/pages\/105\/revisions\/1203"}],"wp:attachment":[{"href":"http:\/\/winatlab.tournaire.fr\/new-release\/wp-json\/wp\/v2\/media?parent=105"}],"curies":[{"name":"wp","href":"https:\/\/api.w.org\/{rel}","templated":true}]}}