{"id":100,"date":"2021-03-09T02:15:24","date_gmt":"2021-03-09T01:15:24","guid":{"rendered":"http:\/\/ecdevstudio\/winatlab.loc\/?page_id=100"},"modified":"2021-06-15T09:12:50","modified_gmt":"2021-06-15T07:12:50","slug":"tournaire-equipment","status":"publish","type":"page","link":"https:\/\/winatlab.tournaire.fr\/new-release\/tournaire-equipment\/","title":{"rendered":"Tournaire \u00c9quipement"},"content":{"rendered":"","protected":false},"excerpt":{"rendered":"","protected":false},"author":1,"featured_media":0,"parent":0,"menu_order":13,"comment_status":"closed","ping_status":"closed","template":"templates\/template-build.php","meta":{"footnotes":""},"class_list":["post-100","page","type-page","status-publish","hentry"],"yoast_head":"<!-- This site is optimized with the Yoast SEO plugin v16.0.2 - https:\/\/yoast.com\/wordpress\/plugins\/seo\/ -->\n<title>Tournaire \u00c9quipement - WinatLab<\/title>\n<meta name=\"description\" content=\"Tournaire \u00c9quipement est votre prestataire d&#039;\u00e9quipements sur-mesure sur le march\u00e9 du naturel. Son offre compl\u00e8te industrielle est unique\" \/>\n<link rel=\"canonical\" href=\"https:\/\/winatlab.tournaire.fr\/new-release\/tournaire-equipment\/\" \/>\n<meta property=\"og:locale\" content=\"fr_FR\" \/>\n<meta property=\"og:type\" content=\"article\" \/>\n<meta property=\"og:title\" content=\"Tournaire \u00c9quipement\" \/>\n<meta property=\"og:description\" content=\"Tournaire \u00c9quipement est votre prestataire d&#039;\u00e9quipements sur-mesure sur le march\u00e9 du naturel. Son offre compl\u00e8te industrielle est unique\" \/>\n<meta property=\"og:url\" content=\"https:\/\/winatlab.tournaire.fr\/new-release\/tournaire-equipment\/\" \/>\n<meta property=\"og:site_name\" content=\"WinatLab\" \/>\n<meta property=\"article:modified_time\" content=\"2021-06-15T07:12:50+00:00\" \/>\n<meta name=\"twitter:card\" content=\"summary_large_image\" \/>\n<script type=\"application\/ld+json\" class=\"yoast-schema-graph\">{\"@context\":\"https:\/\/schema.org\",\"@graph\":[{\"@type\":\"WebSite\",\"@id\":\"https:\/\/winatlab.tournaire.fr\/new-release\/#website\",\"url\":\"https:\/\/winatlab.tournaire.fr\/new-release\/\",\"name\":\"WinatLab\",\"description\":\"Un site utilisant WordPress\",\"potentialAction\":[{\"@type\":\"SearchAction\",\"target\":\"https:\/\/winatlab.tournaire.fr\/new-release\/?s={search_term_string}\",\"query-input\":\"required name=search_term_string\"}],\"inLanguage\":\"fr-FR\"},{\"@type\":\"WebPage\",\"@id\":\"https:\/\/winatlab.tournaire.fr\/new-release\/tournaire-equipment\/#webpage\",\"url\":\"https:\/\/winatlab.tournaire.fr\/new-release\/tournaire-equipment\/\",\"name\":\"[:fr]Tournaire \\u00c9quipement[:en]Tournaire Equipment[:] - WinatLab\",\"isPartOf\":{\"@id\":\"https:\/\/winatlab.tournaire.fr\/new-release\/#website\"},\"datePublished\":\"2021-03-09T01:15:24+00:00\",\"dateModified\":\"2021-06-15T07:12:50+00:00\",\"description\":\"Tournaire \\u00c9quipement est votre prestataire d'\\u00e9quipements sur-mesure sur le march\\u00e9 du naturel. Son offre compl\\u00e8te industrielle est unique\",\"breadcrumb\":{\"@id\":\"https:\/\/winatlab.tournaire.fr\/new-release\/tournaire-equipment\/#breadcrumb\"},\"inLanguage\":\"fr-FR\",\"potentialAction\":[{\"@type\":\"ReadAction\",\"target\":[\"https:\/\/winatlab.tournaire.fr\/new-release\/tournaire-equipment\/\"]}]},{\"@type\":\"BreadcrumbList\",\"@id\":\"https:\/\/winatlab.tournaire.fr\/new-release\/tournaire-equipment\/#breadcrumb\",\"itemListElement\":[{\"@type\":\"ListItem\",\"position\":1,\"item\":{\"@type\":\"WebPage\",\"@id\":\"https:\/\/winatlab.tournaire.fr\/new-release\/\",\"url\":\"https:\/\/winatlab.tournaire.fr\/new-release\/\",\"name\":\"Accueil\"}},{\"@type\":\"ListItem\",\"position\":2,\"item\":{\"@type\":\"WebPage\",\"@id\":\"https:\/\/winatlab.tournaire.fr\/new-release\/tournaire-equipment\/\",\"url\":\"https:\/\/winatlab.tournaire.fr\/new-release\/tournaire-equipment\/\",\"name\":\"Tournaire \\u00c9quipement\"}}]}]}<\/script>\n<!-- \/ Yoast SEO plugin. -->","_links":{"self":[{"href":"https:\/\/winatlab.tournaire.fr\/new-release\/wp-json\/wp\/v2\/pages\/100","targetHints":{"allow":["GET"]}}],"collection":[{"href":"https:\/\/winatlab.tournaire.fr\/new-release\/wp-json\/wp\/v2\/pages"}],"about":[{"href":"https:\/\/winatlab.tournaire.fr\/new-release\/wp-json\/wp\/v2\/types\/page"}],"author":[{"embeddable":true,"href":"https:\/\/winatlab.tournaire.fr\/new-release\/wp-json\/wp\/v2\/users\/1"}],"replies":[{"embeddable":true,"href":"https:\/\/winatlab.tournaire.fr\/new-release\/wp-json\/wp\/v2\/comments?post=100"}],"version-history":[{"count":25,"href":"https:\/\/winatlab.tournaire.fr\/new-release\/wp-json\/wp\/v2\/pages\/100\/revisions"}],"predecessor-version":[{"id":1222,"href":"https:\/\/winatlab.tournaire.fr\/new-release\/wp-json\/wp\/v2\/pages\/100\/revisions\/1222"}],"wp:attachment":[{"href":"https:\/\/winatlab.tournaire.fr\/new-release\/wp-json\/wp\/v2\/media?parent=100"}],"curies":[{"name":"wp","href":"https:\/\/api.w.org\/{rel}","templated":true}]}}