{"id":11,"date":"2021-03-08T22:01:19","date_gmt":"2021-03-08T21:01:19","guid":{"rendered":"http:\/\/ecdevstudio\/winatlab.loc\/?page_id=11"},"modified":"2021-06-14T11:11:57","modified_gmt":"2021-06-14T09:11:57","slug":"contact","status":"publish","type":"page","link":"https:\/\/winatlab.tournaire.fr\/new-release\/contact\/","title":{"rendered":"Contact"},"content":{"rendered":"\n<h1 class=\"has-text-align-center wp-block-heading\" style=\"font-size:70px\">Formulaire de <strong>Contact<\/strong><\/h1>\n\n\n\n<p class=\"has-text-align-center\" style=\"font-size:23px\">Contactez-nous pour d\u00e9marrer votre projet<\/p>\n\n\n\n<p class=\"has-text-align-center\" style=\"font-size:23px\">au sein du WiNatLab d\u00e8s aujourd&rsquo;hui.<\/p>\n\n\n<div role=\"form\" class=\"wpcf7\" id=\"wpcf7-f242-o1\" lang=\"en-US\" dir=\"ltr\">\n<div class=\"screen-reader-response\"><p role=\"status\" aria-live=\"polite\" aria-atomic=\"true\"><\/p> <ul><\/ul><\/div>\n<form action=\"\/new-release\/wp-json\/wp\/v2\/pages\/11#wpcf7-f242-o1\" method=\"post\" class=\"wpcf7-form init row form contact_page__form\" novalidate=\"novalidate\" data-status=\"init\">\n<div style=\"display: none;\">\n<input type=\"hidden\" name=\"_wpcf7\" value=\"242\" \/>\n<input type=\"hidden\" name=\"_wpcf7_version\" value=\"5.4.1\" \/>\n<input type=\"hidden\" name=\"_wpcf7_locale\" value=\"en_US\" \/>\n<input type=\"hidden\" name=\"_wpcf7_unit_tag\" value=\"wpcf7-f242-o1\" \/>\n<input type=\"hidden\" name=\"_wpcf7_container_post\" value=\"0\" \/>\n<input type=\"hidden\" name=\"_wpcf7_posted_data_hash\" value=\"\" \/>\n<input type=\"hidden\" name=\"lang\" value=\"fr\" \/>\n<\/div>\n<div class=\"col-xs-12\">\n<div class=\"form-group\">\n<span class=\"wpcf7-form-control-wrap hf\"><span class=\"wpcf7-form-control wpcf7-radio\"><span class=\"wpcf7-list-item first\"><label><input type=\"radio\" name=\"hf\" value=\"M.\" checked=\"checked\" \/><span class=\"wpcf7-list-item-label\">M.<\/span><\/label><\/span><span class=\"wpcf7-list-item last\"><label><input type=\"radio\" name=\"hf\" value=\"Mme.\" \/><span class=\"wpcf7-list-item-label\">Mme.<\/span><\/label><\/span><\/span><\/span>\n<\/div>\n<\/div>\n<div class=\"col-xs-12 col-sm-6\">\n<div class=\"form-group\">\n<span class=\"wpcf7-form-control-wrap your-name\"><input type=\"text\" name=\"your-name\" value=\"\" size=\"40\" class=\"wpcf7-form-control wpcf7-text wpcf7-validates-as-required form-control\" autocomplete=\"off\" aria-required=\"true\" aria-invalid=\"false\" placeholder=\"Pr\u00e9nom\" \/><\/span>\n<\/div>\n<\/div>\n<div class=\"col-xs-12 col-sm-6\">\n<div class=\"form-group\">\n<span class=\"wpcf7-form-control-wrap your-lname\"><input type=\"text\" name=\"your-lname\" value=\"\" size=\"40\" class=\"wpcf7-form-control wpcf7-text wpcf7-validates-as-required form-control\" autocomplete=\"off\" aria-required=\"true\" aria-invalid=\"false\" placeholder=\"Nom\" \/><\/span>\n<\/div>\n<\/div>\n<div class=\"col-xs-12 col-sm-6\">\n<div class=\"form-group\">\n<span class=\"wpcf7-form-control-wrap your-company\"><input type=\"text\" name=\"your-company\" value=\"\" size=\"40\" class=\"wpcf7-form-control wpcf7-text wpcf7-validates-as-required form-control\" autocomplete=\"off\" aria-required=\"true\" aria-invalid=\"false\" placeholder=\"Societ\u00e9\" \/><\/span>\n<\/div>\n<\/div>\n<div class=\"col-xs-12 col-sm-6\">\n<div class=\"form-group\">\n<span class=\"wpcf7-form-control-wrap your-title\"><input type=\"text\" name=\"your-title\" value=\"\" size=\"40\" class=\"wpcf7-form-control wpcf7-text form-control\" autocomplete=\"off\" aria-invalid=\"false\" placeholder=\"Fonction\" \/><\/span>\n<\/div>\n<\/div>\n<div class=\"col-xs-12 col-sm-6\">\n<div class=\"form-group\">\n<span class=\"wpcf7-form-control-wrap your-phone\"><input type=\"tel\" name=\"your-phone\" value=\"\" size=\"40\" class=\"wpcf7-form-control wpcf7-text wpcf7-tel wpcf7-validates-as-tel form-control\" autocomplete=\"off\" aria-invalid=\"false\" placeholder=\"T\u00e9l\u00e9phone\" \/><\/span>\n<\/div>\n<\/div>\n<div class=\"col-xs-12 col-sm-6\">\n<div class=\"form-group\">\n<span class=\"wpcf7-form-control-wrap your-email\"><input type=\"email\" name=\"your-email\" value=\"\" size=\"40\" class=\"wpcf7-form-control wpcf7-text wpcf7-email wpcf7-validates-as-required wpcf7-validates-as-email form-control\" autocomplete=\"off\" aria-required=\"true\" aria-invalid=\"false\" placeholder=\"Email\" \/><\/span>\n<\/div>\n<\/div>\n<div class=\"col-xs-12\">\n<div class=\"form-group\">\n<span class=\"wpcf7-form-control-wrap your-address\"><input type=\"text\" name=\"your-address\" value=\"\" size=\"40\" class=\"wpcf7-form-control wpcf7-text form-control\" autocomplete=\"off\" aria-invalid=\"false\" placeholder=\"Adresse\" \/><\/span>\n<\/div>\n<\/div>\n<div class=\"col-xs-12 col-sm-4\">\n<div class=\"form-group\">\n<span class=\"wpcf7-form-control-wrap your-postcode\"><input type=\"text\" name=\"your-postcode\" value=\"\" size=\"40\" class=\"wpcf7-form-control wpcf7-text wpcf7-validates-as-required form-control\" autocomplete=\"off\" aria-required=\"true\" aria-invalid=\"false\" placeholder=\"Code Postal\" \/><\/span>\n<\/div>\n<\/div>\n<div class=\"col-xs-12 col-sm-4\">\n<div class=\"form-group\">\n<span class=\"wpcf7-form-control-wrap your-city\"><input type=\"text\" name=\"your-city\" value=\"\" size=\"40\" class=\"wpcf7-form-control wpcf7-text form-control\" autocomplete=\"off\" aria-invalid=\"false\" placeholder=\"Ville\" \/><\/span>\n<\/div>\n<\/div>\n<div class=\"col-xs-12 col-sm-4\">\n<div class=\"form-group\">\n<span class=\"wpcf7-form-control-wrap your-country\"><input type=\"text\" name=\"your-country\" value=\"\" size=\"40\" class=\"wpcf7-form-control wpcf7-text wpcf7-validates-as-required form-control\" autocomplete=\"off\" aria-required=\"true\" aria-invalid=\"false\" placeholder=\"Pays\" \/><\/span>\n<\/div>\n<\/div>\n<div class=\"col-xs-12\">\n<div class=\"row\">\n<div class=\"col-xs-12 col-sm-6\">\n<div class=\"form-group\">\n<h5>Je souhaite des informations sur:<\/h5>\n<p><span class=\"wpcf7-form-control-wrap equip-info\"><select name=\"equip-info\" class=\"wpcf7-form-control wpcf7-select form-control dynamic-select\" id=\"dynamic-select\" aria-invalid=\"false\"><option value=\"Phase 1 - Validation pr\u00e9liminaire\" selected=\"selected\">Phase 1 - Validation pr\u00e9liminaire<\/option><option value=\"Phase 2 - R&amp;D\">Phase 2 - R&amp;D<\/option><option value=\"Phase 3 - Hall pilote\">Phase 3 - Hall pilote<\/option><option value=\"Phase 4 - Industrialisation\">Phase 4 - Industrialisation<\/option><option value=\"Partenariats\">Partenariats<\/option><\/select><\/span>\n<\/p><\/div>\n<div class=\"form-group\">\n<h5 class=\"dynamic\">Quelle est votre valeur ajout\u00e9e pour devenir un partenaire du WiNatLab?<\/h5>\n<p><span class=\"wpcf7-form-control-wrap your-message\"><textarea name=\"your-message\" cols=\"40\" rows=\"5\" class=\"wpcf7-form-control wpcf7-textarea wpcf7-validates-as-required form-control\" aria-required=\"true\" aria-invalid=\"false\" placeholder=\"Message\"><\/textarea><\/span>\n<\/p><\/div>\n<div class=\"form-group\">\n<h5>Secteur d\u2019activit\u00e9:<\/h5>\n<p><span class=\"wpcf7-form-control-wrap your-activity\"><select name=\"your-activity\" class=\"wpcf7-form-control wpcf7-select form-control\" aria-invalid=\"false\"><option value=\"Ar\u00f4mes\" selected=\"selected\">Ar\u00f4mes<\/option><option value=\"Cosm\u00e9tiques\">Cosm\u00e9tiques<\/option><option value=\"Nutraceutiques\">Nutraceutiques<\/option><option value=\"Biocontr\u00f4le\">Biocontr\u00f4le<\/option><option value=\"Ingr\u00e9dients Fonctionnels\">Ingr\u00e9dients Fonctionnels<\/option><option value=\"Pharmacie\">Pharmacie<\/option><option value=\"Parfums\">Parfums<\/option><option value=\"Autre\">Autre<\/option><\/select><\/span>\n<\/p><\/div>\n<\/div>\n<div class=\"col-xs-12 col-sm-6\">\n<div class=\"image\" style=\"background-image:url(https:\/\/winatlab.tournaire.fr\/new-release\/wp-content\/uploads\/2021\/05\/photo-winatlab-scaled.jpg)\"><\/div>\n<\/div>\n<\/div>\n<\/div>\n<div class=\"col-xs-12\">\n<div class=\"form-group hide-alert\">\n<span class=\"wpcf7-form-control-wrap ca_accept\"><span class=\"wpcf7-form-control wpcf7-checkbox wpcf7-validates-as-required\"><span class=\"wpcf7-list-item first last\"><label><input type=\"checkbox\" name=\"ca_accept[]\" value=\"J\u2019accepte les conditions de politique de confidentialit\u00e9\" \/><span class=\"wpcf7-list-item-label\">J\u2019accepte les conditions de politique de confidentialit\u00e9<\/span><\/label><\/span><\/span><\/span>\n<\/div>\n<\/div>\n<div class=\"col-xs-12\">\n<div id=\"cf7sr-69e90c61b75b6\" class=\"cf7sr-g-recaptcha\" data-sitekey=\"6Lf1wSEbAAAAAM2jE5cQFdF7VJmXxeWO3astbCA2\"><\/div><span class=\"wpcf7-form-control-wrap cf7sr-g-recaptcha-invalid\"><\/span>\n<\/div>\n<div class=\"col-xs-12\">\n<div class=\"form-group form-group-nomatgin form-group-submit\">\n<button type=\"submit\" class=\"btn\">Envoyer<\/button>\n<\/div>\n<\/div>\n<input type=\"hidden\" name=\"your-subject\" value=\"Contact\" class=\"wpcf7-form-control wpcf7-hidden\" \/><br \/>\n<div class=\"wpcf7-response-output\" aria-hidden=\"true\"><\/div><\/form><\/div>\n\n\n\n<p class=\"has-text-align-center\" style=\"font-size:24px\">Pour toute demande particuli\u00e8re, contactez-nous au <strong style=\"user-select: auto;\">+33 493 09 34 18<\/strong> et par e-mail \u00e0 winatlab@tournaire.fr<\/p>\n","protected":false},"excerpt":{"rendered":"<p>Formulaire de Contact Contactez-nous pour d\u00e9marrer votre projet au sein du WiNatLab d\u00e8s aujourd&rsquo;hui. Pour toute demande particuli\u00e8re, contactez-nous au +33 493 09 34 18 et par e-mail \u00e0 winatlab@tournaire.fr<\/p>\n","protected":false},"author":1,"featured_media":561,"parent":0,"menu_order":16,"comment_status":"closed","ping_status":"closed","template":"templates\/template-contact.php","meta":{"footnotes":""},"class_list":["post-11","page","type-page","status-publish","has-post-thumbnail","hentry"],"yoast_head":"<!-- This site is optimized with the Yoast SEO plugin v16.0.2 - https:\/\/yoast.com\/wordpress\/plugins\/seo\/ -->\n<title>Contact - WinatLab<\/title>\n<link rel=\"canonical\" href=\"https:\/\/winatlab.tournaire.fr\/new-release\/contact\/\" \/>\n<meta property=\"og:locale\" content=\"fr_FR\" \/>\n<meta property=\"og:type\" content=\"article\" \/>\n<meta property=\"og:title\" content=\"Contact\" \/>\n<meta property=\"og:description\" content=\"Formulaire de Contact Contactez-nous pour d\u00e9marrer votre projet au sein du WiNatLab d\u00e8s aujourd&rsquo;hui. Pour toute demande particuli\u00e8re, contactez-nous au +33 493 09 34 18 et par e-mail \u00e0 winatlab@tournaire.fr\" \/>\n<meta property=\"og:url\" content=\"https:\/\/winatlab.tournaire.fr\/new-release\/contact\/\" \/>\n<meta property=\"og:site_name\" content=\"WinatLab\" \/>\n<meta property=\"article:modified_time\" content=\"2021-06-14T09:11:57+00:00\" \/>\n<meta property=\"og:image\" content=\"https:\/\/winatlab.tournaire.fr\/new-release\/wp-content\/uploads\/2021\/05\/photo-winatlab-scaled.jpg\" \/>\n\t<meta property=\"og:image:width\" content=\"2560\" \/>\n\t<meta property=\"og:image:height\" content=\"2027\" \/>\n<meta name=\"twitter:card\" content=\"summary_large_image\" \/>\n<meta name=\"twitter:label1\" content=\"Dur\u00e9e de lecture est.\">\n\t<meta name=\"twitter:data1\" content=\"1 minute\">\n<script type=\"application\/ld+json\" class=\"yoast-schema-graph\">{\"@context\":\"https:\/\/schema.org\",\"@graph\":[{\"@type\":\"WebSite\",\"@id\":\"https:\/\/winatlab.tournaire.fr\/new-release\/#website\",\"url\":\"https:\/\/winatlab.tournaire.fr\/new-release\/\",\"name\":\"WinatLab\",\"description\":\"Un site utilisant WordPress\",\"potentialAction\":[{\"@type\":\"SearchAction\",\"target\":\"https:\/\/winatlab.tournaire.fr\/new-release\/?s={search_term_string}\",\"query-input\":\"required name=search_term_string\"}],\"inLanguage\":\"fr-FR\"},{\"@type\":\"ImageObject\",\"@id\":\"https:\/\/winatlab.tournaire.fr\/new-release\/contact\/#primaryimage\",\"inLanguage\":\"fr-FR\",\"url\":\"https:\/\/winatlab.tournaire.fr\/new-release\/wp-content\/uploads\/2021\/05\/photo-winatlab-scaled.jpg\",\"width\":2560,\"height\":2027},{\"@type\":\"WebPage\",\"@id\":\"https:\/\/winatlab.tournaire.fr\/new-release\/contact\/#webpage\",\"url\":\"https:\/\/winatlab.tournaire.fr\/new-release\/contact\/\",\"name\":\"[:fr]Contact[:en]Contact[:] - WinatLab\",\"isPartOf\":{\"@id\":\"https:\/\/winatlab.tournaire.fr\/new-release\/#website\"},\"primaryImageOfPage\":{\"@id\":\"https:\/\/winatlab.tournaire.fr\/new-release\/contact\/#primaryimage\"},\"datePublished\":\"2021-03-08T21:01:19+00:00\",\"dateModified\":\"2021-06-14T09:11:57+00:00\",\"breadcrumb\":{\"@id\":\"https:\/\/winatlab.tournaire.fr\/new-release\/contact\/#breadcrumb\"},\"inLanguage\":\"fr-FR\",\"potentialAction\":[{\"@type\":\"ReadAction\",\"target\":[\"https:\/\/winatlab.tournaire.fr\/new-release\/contact\/\"]}]},{\"@type\":\"BreadcrumbList\",\"@id\":\"https:\/\/winatlab.tournaire.fr\/new-release\/contact\/#breadcrumb\",\"itemListElement\":[{\"@type\":\"ListItem\",\"position\":1,\"item\":{\"@type\":\"WebPage\",\"@id\":\"https:\/\/winatlab.tournaire.fr\/new-release\/\",\"url\":\"https:\/\/winatlab.tournaire.fr\/new-release\/\",\"name\":\"Accueil\"}},{\"@type\":\"ListItem\",\"position\":2,\"item\":{\"@type\":\"WebPage\",\"@id\":\"https:\/\/winatlab.tournaire.fr\/new-release\/contact\/\",\"url\":\"https:\/\/winatlab.tournaire.fr\/new-release\/contact\/\",\"name\":\"Contact\"}}]}]}<\/script>\n<!-- \/ Yoast SEO plugin. -->","_links":{"self":[{"href":"https:\/\/winatlab.tournaire.fr\/new-release\/wp-json\/wp\/v2\/pages\/11","targetHints":{"allow":["GET"]}}],"collection":[{"href":"https:\/\/winatlab.tournaire.fr\/new-release\/wp-json\/wp\/v2\/pages"}],"about":[{"href":"https:\/\/winatlab.tournaire.fr\/new-release\/wp-json\/wp\/v2\/types\/page"}],"author":[{"embeddable":true,"href":"https:\/\/winatlab.tournaire.fr\/new-release\/wp-json\/wp\/v2\/users\/1"}],"replies":[{"embeddable":true,"href":"https:\/\/winatlab.tournaire.fr\/new-release\/wp-json\/wp\/v2\/comments?post=11"}],"version-history":[{"count":9,"href":"https:\/\/winatlab.tournaire.fr\/new-release\/wp-json\/wp\/v2\/pages\/11\/revisions"}],"predecessor-version":[{"id":1077,"href":"https:\/\/winatlab.tournaire.fr\/new-release\/wp-json\/wp\/v2\/pages\/11\/revisions\/1077"}],"wp:featuredmedia":[{"embeddable":true,"href":"https:\/\/winatlab.tournaire.fr\/new-release\/wp-json\/wp\/v2\/media\/561"}],"wp:attachment":[{"href":"https:\/\/winatlab.tournaire.fr\/new-release\/wp-json\/wp\/v2\/media?parent=11"}],"curies":[{"name":"wp","href":"https:\/\/api.w.org\/{rel}","templated":true}]}}